{"id":1842,"date":"2024-02-04T23:12:43","date_gmt":"2024-02-04T23:12:43","guid":{"rendered":"https:\/\/unitedtransferagency.pl\/?page_id=1842"},"modified":"2024-02-08T21:08:59","modified_gmt":"2024-02-08T21:08:59","slug":"polityka-prywatnosci-i-polityka-cookies","status":"publish","type":"page","link":"https:\/\/unitedtransferagency.pl\/en\/polityka-prywatnosci-i-polityka-cookies\/","title":{"rendered":"Polityka Prywatno\u015bci i Polityka Cookies"},"content":{"rendered":"<div data-elementor-type=\"wp-page\" data-elementor-id=\"1842\" class=\"elementor elementor-1842\">\n\t\t\t\t\t\t<section class=\"elementor-section elementor-top-section elementor-element elementor-element-84e8278 elementor-section-height-min-height elementor-section-boxed elementor-section-height-default elementor-section-items-middle\" data-id=\"84e8278\" data-element_type=\"section\" data-e-type=\"section\" data-settings=\"{&quot;background_background&quot;:&quot;classic&quot;}\">\n\t\t\t\t\t\t<div class=\"elementor-container elementor-column-gap-wider\">\n\t\t\t\t\t<div class=\"elementor-column elementor-col-100 elementor-top-column elementor-element elementor-element-1b4fcff\" data-id=\"1b4fcff\" data-element_type=\"column\" data-e-type=\"column\">\n\t\t\t<div class=\"elementor-widget-wrap elementor-element-populated\">\n\t\t\t\t\t\t<div class=\"elementor-element elementor-element-7be9abc elementor-invisible elementor-widget elementor-widget-heading\" data-id=\"7be9abc\" data-element_type=\"widget\" data-e-type=\"widget\" data-settings=\"{&quot;_animation&quot;:&quot;fadeInDown&quot;}\" data-widget_type=\"heading.default\">\n\t\t\t\t<div class=\"elementor-widget-container\">\n\t\t\t\t\t<h1 class=\"elementor-heading-title elementor-size-default\">Polityka Prywatno\u015bci i Polityka Cookies<\/h1>\t\t\t\t<\/div>\n\t\t\t\t<\/div>\n\t\t\t\t<div class=\"elementor-element elementor-element-edbcf91 elementor-widget-divider--view-line elementor-invisible elementor-widget elementor-widget-divider\" data-id=\"edbcf91\" data-element_type=\"widget\" data-e-type=\"widget\" data-settings=\"{&quot;_animation&quot;:&quot;fadeInDown&quot;}\" data-widget_type=\"divider.default\">\n\t\t\t\t<div class=\"elementor-widget-container\">\n\t\t\t\t\t\t\t<div class=\"elementor-divider\">\n\t\t\t<span class=\"elementor-divider-separator\">\n\t\t\t\t\t\t<\/span>\n\t\t<\/div>\n\t\t\t\t\t\t<\/div>\n\t\t\t\t<\/div>\n\t\t\t\t\t<\/div>\n\t\t<\/div>\n\t\t\t\t\t<\/div>\n\t\t<\/section>\n\t\t\t\t<section class=\"elementor-section elementor-top-section elementor-element elementor-element-63ee97a elementor-section-boxed elementor-section-height-default elementor-section-height-default\" data-id=\"63ee97a\" data-element_type=\"section\" data-e-type=\"section\" data-settings=\"{&quot;background_background&quot;:&quot;classic&quot;}\">\n\t\t\t\t\t\t<div class=\"elementor-container elementor-column-gap-wider\">\n\t\t\t\t\t<div class=\"elementor-column elementor-col-50 elementor-top-column elementor-element elementor-element-a98bb02\" data-id=\"a98bb02\" data-element_type=\"column\" data-e-type=\"column\">\n\t\t\t<div class=\"elementor-widget-wrap elementor-element-populated\">\n\t\t\t\t\t\t<div class=\"elementor-element elementor-element-a84becc elementor-invisible elementor-widget elementor-widget-heading\" data-id=\"a84becc\" data-element_type=\"widget\" data-e-type=\"widget\" data-settings=\"{&quot;_animation&quot;:&quot;fadeInDown&quot;}\" data-widget_type=\"heading.default\">\n\t\t\t\t<div class=\"elementor-widget-container\">\n\t\t\t\t\t<h2 class=\"elementor-heading-title elementor-size-default\">Polityka prywatno\u015bci<\/h2>\t\t\t\t<\/div>\n\t\t\t\t<\/div>\n\t\t\t\t<div class=\"elementor-element elementor-element-3858a87 elementor-invisible elementor-widget elementor-widget-text-editor\" data-id=\"3858a87\" data-element_type=\"widget\" data-e-type=\"widget\" data-settings=\"{&quot;_animation&quot;:&quot;fadeInDown&quot;}\" data-widget_type=\"text-editor.default\">\n\t\t\t\t<div class=\"elementor-widget-container\">\n\t\t\t\t\t\t\t\t\t<p>Niniejsza Polityka prywatno\u015bci opisuje, w jaki spos\u00f3b United Transfer Agency (\u201eUTA\u201d, \u201emy\u201d lub \u201enasz\u201d) gromadzi, wykorzystuje i chroni dane osobowe uzyskane od u\u017cytkownik\u00f3w witryny unitedtransferagency.pl. Wchodz\u0105c na nasz\u0105 stron\u0119 internetow\u0105 lub korzystaj\u0105c z niej, wyra\u017casz zgod\u0119 na warunki okre\u015blone w niniejszej Polityce prywatno\u015bci.<\/p>\t\t\t\t\t\t\t\t<\/div>\n\t\t\t\t<\/div>\n\t\t\t\t\t<\/div>\n\t\t<\/div>\n\t\t\t\t<div class=\"elementor-column elementor-col-50 elementor-top-column elementor-element elementor-element-54f9ef8\" data-id=\"54f9ef8\" data-element_type=\"column\" data-e-type=\"column\">\n\t\t\t<div class=\"elementor-widget-wrap elementor-element-populated\">\n\t\t\t\t\t\t<div class=\"elementor-element elementor-element-54e07e4 elementor-invisible elementor-widget elementor-widget-heading\" data-id=\"54e07e4\" data-element_type=\"widget\" data-e-type=\"widget\" data-settings=\"{&quot;_animation&quot;:&quot;fadeInDown&quot;}\" data-widget_type=\"heading.default\">\n\t\t\t\t<div class=\"elementor-widget-container\">\n\t\t\t\t\t<h4 class=\"elementor-heading-title elementor-size-default\">Rodzaj gromadzonych informacji<\/h4>\t\t\t\t<\/div>\n\t\t\t\t<\/div>\n\t\t\t\t<div class=\"elementor-element elementor-element-c75b4e4 elementor-invisible elementor-widget elementor-widget-text-editor\" data-id=\"c75b4e4\" data-element_type=\"widget\" data-e-type=\"widget\" data-settings=\"{&quot;_animation&quot;:&quot;fadeInDown&quot;}\" data-widget_type=\"text-editor.default\">\n\t\t\t\t<div class=\"elementor-widget-container\">\n\t\t\t\t\t\t\t\t\t<p>Gromadzimy nast\u0119puj\u0105ce informacje:<\/p><ul><li>Imiona i nazwiska, adres e-mail i numery telefon\u00f3w: podawane dobrowolnie przez u\u017cytkownik\u00f3w.<\/li><li>Szczeg\u00f3\u0142y dyscypliny sportowej: Dodatkowe szczeg\u00f3\u0142y, kt\u00f3rymi u\u017cytkownicy ch\u0119tnie si\u0119 dziel\u0105.<\/li><\/ul>\t\t\t\t\t\t\t\t<\/div>\n\t\t\t\t<\/div>\n\t\t\t\t<div class=\"elementor-element elementor-element-674e2f2 elementor-invisible elementor-widget elementor-widget-heading\" data-id=\"674e2f2\" data-element_type=\"widget\" data-e-type=\"widget\" data-settings=\"{&quot;_animation&quot;:&quot;fadeInDown&quot;}\" data-widget_type=\"heading.default\">\n\t\t\t\t<div class=\"elementor-widget-container\">\n\t\t\t\t\t<h4 class=\"elementor-heading-title elementor-size-default\">Cel gromadzenia danych<\/h4>\t\t\t\t<\/div>\n\t\t\t\t<\/div>\n\t\t\t\t<div class=\"elementor-element elementor-element-2e3d6af elementor-invisible elementor-widget elementor-widget-text-editor\" data-id=\"2e3d6af\" data-element_type=\"widget\" data-e-type=\"widget\" data-settings=\"{&quot;_animation&quot;:&quot;fadeInDown&quot;}\" data-widget_type=\"text-editor.default\">\n\t\t\t\t<div class=\"elementor-widget-container\">\n\t\t\t\t\t\t\t\t\t<p>Gromadzimy i przetwarzamy dane w okre\u015blonych celach:<\/p><ul><li>Informacje s\u0105 przechowywane przez okres do 2 lat, aby ponownie zaoferowa\u0107 mo\u017cliwo\u015bci niezdecydowanym osobom.<\/li><li>Dane wykorzystywane s\u0105 przez okres do 5 lat w przypadku spraw zwi\u0105zanych z us\u0142ugami po\u015brednictwa, np. stypendiami czy potencjalnymi transferami.<\/li><\/ul>\t\t\t\t\t\t\t\t<\/div>\n\t\t\t\t<\/div>\n\t\t\t\t<div class=\"elementor-element elementor-element-d1d2410 elementor-invisible elementor-widget elementor-widget-heading\" data-id=\"d1d2410\" data-element_type=\"widget\" data-e-type=\"widget\" data-settings=\"{&quot;_animation&quot;:&quot;fadeInDown&quot;}\" data-widget_type=\"heading.default\">\n\t\t\t\t<div class=\"elementor-widget-container\">\n\t\t\t\t\t<h4 class=\"elementor-heading-title elementor-size-default\">Przetwarzanie i udost\u0119pnianie danych<\/h4>\t\t\t\t<\/div>\n\t\t\t\t<\/div>\n\t\t\t\t<div class=\"elementor-element elementor-element-ba307c3 elementor-invisible elementor-widget elementor-widget-text-editor\" data-id=\"ba307c3\" data-element_type=\"widget\" data-e-type=\"widget\" data-settings=\"{&quot;_animation&quot;:&quot;fadeInDown&quot;}\" data-widget_type=\"text-editor.default\">\n\t\t\t\t<div class=\"elementor-widget-container\">\n\t\t\t\t\t\t\t\t\t<ul><li>Dane przekazywane za po\u015brednictwem formularzy internetowych przetwarzane s\u0105 wewn\u0119trznie przez UTA.<\/li><li>Nie sprzedajemy i nie przekazujemy danych osobom trzecim; jest on u\u017cywany wy\u0142\u0105cznie do cel\u00f3w agencyjnych.<\/li><\/ul>\t\t\t\t\t\t\t\t<\/div>\n\t\t\t\t<\/div>\n\t\t\t\t<div class=\"elementor-element elementor-element-7250a9c elementor-invisible elementor-widget elementor-widget-heading\" data-id=\"7250a9c\" data-element_type=\"widget\" data-e-type=\"widget\" data-settings=\"{&quot;_animation&quot;:&quot;fadeInDown&quot;}\" data-widget_type=\"heading.default\">\n\t\t\t\t<div class=\"elementor-widget-container\">\n\t\t\t\t\t<h4 class=\"elementor-heading-title elementor-size-default\">\u015arodki bezpiecze\u0144stwa<\/h4>\t\t\t\t<\/div>\n\t\t\t\t<\/div>\n\t\t\t\t<div class=\"elementor-element elementor-element-62d82a7 elementor-invisible elementor-widget elementor-widget-text-editor\" data-id=\"62d82a7\" data-element_type=\"widget\" data-e-type=\"widget\" data-settings=\"{&quot;_animation&quot;:&quot;fadeInDown&quot;}\" data-widget_type=\"text-editor.default\">\n\t\t\t\t<div class=\"elementor-widget-container\">\n\t\t\t\t\t\t\t\t\t<ul><li>Dane osobowe nie s\u0105 sprzedawane ani udost\u0119pniane osobom trzecim.<\/li><li>Stosujemy \u015brodki bezpiecze\u0144stwa w celu ochrony zebranych informacji.<\/li><\/ul>\t\t\t\t\t\t\t\t<\/div>\n\t\t\t\t<\/div>\n\t\t\t\t<div class=\"elementor-element elementor-element-be4fed4 elementor-invisible elementor-widget elementor-widget-heading\" data-id=\"be4fed4\" data-element_type=\"widget\" data-e-type=\"widget\" data-settings=\"{&quot;_animation&quot;:&quot;fadeInDown&quot;}\" data-widget_type=\"heading.default\">\n\t\t\t\t<div class=\"elementor-widget-container\">\n\t\t\t\t\t<h4 class=\"elementor-heading-title elementor-size-default\">Prawa u\u017cytkownika<\/h4>\t\t\t\t<\/div>\n\t\t\t\t<\/div>\n\t\t\t\t<div class=\"elementor-element elementor-element-0cb3508 elementor-invisible elementor-widget elementor-widget-text-editor\" data-id=\"0cb3508\" data-element_type=\"widget\" data-e-type=\"widget\" data-settings=\"{&quot;_animation&quot;:&quot;fadeInDown&quot;}\" data-widget_type=\"text-editor.default\">\n\t\t\t\t<div class=\"elementor-widget-container\">\n\t\t\t\t\t\t\t\t\t<ul><li>U\u017cytkownikom przys\u0142uguje prawo \u017c\u0105dania dost\u0119pu do danych osobowych oraz ich usuni\u0119cia w terminie 14 dni.<\/li><li>Zmiany danych lub preferencji przetwarzania uwzgl\u0119dniane s\u0105 w tym samym terminie.<\/li><\/ul>\t\t\t\t\t\t\t\t<\/div>\n\t\t\t\t<\/div>\n\t\t\t\t<div class=\"elementor-element elementor-element-fbfcd24 elementor-invisible elementor-widget elementor-widget-heading\" data-id=\"fbfcd24\" data-element_type=\"widget\" data-e-type=\"widget\" data-settings=\"{&quot;_animation&quot;:&quot;fadeInDown&quot;}\" data-widget_type=\"heading.default\">\n\t\t\t\t<div class=\"elementor-widget-container\">\n\t\t\t\t\t<h4 class=\"elementor-heading-title elementor-size-default\">Cookies<\/h4>\t\t\t\t<\/div>\n\t\t\t\t<\/div>\n\t\t\t\t<div class=\"elementor-element elementor-element-613365f elementor-invisible elementor-widget elementor-widget-text-editor\" data-id=\"613365f\" data-element_type=\"widget\" data-e-type=\"widget\" data-settings=\"{&quot;_animation&quot;:&quot;fadeInDown&quot;}\" data-widget_type=\"text-editor.default\">\n\t\t\t\t<div class=\"elementor-widget-container\">\n\t\t\t\t\t\t\t\t\t<p>Nasza strona internetowa wykorzystuje wy\u0142\u0105cznie domy\u015blne pliki cookies z Google Analytics i WordPress, aby zapewni\u0107 prywatno\u015b\u0107 u\u017cytkownik\u00f3w.<\/p>\t\t\t\t\t\t\t\t<\/div>\n\t\t\t\t<\/div>\n\t\t\t\t<div class=\"elementor-element elementor-element-46c013b elementor-invisible elementor-widget elementor-widget-heading\" data-id=\"46c013b\" data-element_type=\"widget\" data-e-type=\"widget\" data-settings=\"{&quot;_animation&quot;:&quot;fadeInDown&quot;}\" data-widget_type=\"heading.default\">\n\t\t\t\t<div class=\"elementor-widget-container\">\n\t\t\t\t\t<h4 class=\"elementor-heading-title elementor-size-default\">Us\u0142ugi stron trzecich<\/h4>\t\t\t\t<\/div>\n\t\t\t\t<\/div>\n\t\t\t\t<div class=\"elementor-element elementor-element-815f16b elementor-invisible elementor-widget elementor-widget-text-editor\" data-id=\"815f16b\" data-element_type=\"widget\" data-e-type=\"widget\" data-settings=\"{&quot;_animation&quot;:&quot;fadeInDown&quot;}\" data-widget_type=\"text-editor.default\">\n\t\t\t\t<div class=\"elementor-widget-container\">\n\t\t\t\t\t\t\t\t\t<p>Wykorzystywane s\u0105 wtyczki innych firm z WordPress. W\u0105tpliwo\u015bci lub pytania dotycz\u0105ce bezpiecze\u0144stwa mo\u017cna kierowa\u0107 e-mailem, poniewa\u017c nie mo\u017cemy udost\u0119pni\u0107 tutaj szczeg\u00f3\u0142\u00f3w ze wzgl\u0119du na potencjalne zagro\u017cenia bezpiecze\u0144stwa naszej witryny internetowej.<\/p>\t\t\t\t\t\t\t\t<\/div>\n\t\t\t\t<\/div>\n\t\t\t\t<div class=\"elementor-element elementor-element-29d18cf elementor-invisible elementor-widget elementor-widget-heading\" data-id=\"29d18cf\" data-element_type=\"widget\" data-e-type=\"widget\" data-settings=\"{&quot;_animation&quot;:&quot;fadeInDown&quot;}\" data-widget_type=\"heading.default\">\n\t\t\t\t<div class=\"elementor-widget-container\">\n\t\t\t\t\t<h4 class=\"elementor-heading-title elementor-size-default\">Aktualizacje zasad<\/h4>\t\t\t\t<\/div>\n\t\t\t\t<\/div>\n\t\t\t\t<div class=\"elementor-element elementor-element-ae0323f elementor-invisible elementor-widget elementor-widget-text-editor\" data-id=\"ae0323f\" data-element_type=\"widget\" data-e-type=\"widget\" data-settings=\"{&quot;_animation&quot;:&quot;fadeInDown&quot;}\" data-widget_type=\"text-editor.default\">\n\t\t\t\t<div class=\"elementor-widget-container\">\n\t\t\t\t\t\t\t\t\t<p>Zasady zosta\u0142y utworzone 5 lutego 2024 r. i w razie potrzeby zostan\u0105 zaktualizowane.<\/p>\t\t\t\t\t\t\t\t<\/div>\n\t\t\t\t<\/div>\n\t\t\t\t<div class=\"elementor-element elementor-element-512f749 elementor-invisible elementor-widget elementor-widget-heading\" data-id=\"512f749\" data-element_type=\"widget\" data-e-type=\"widget\" data-settings=\"{&quot;_animation&quot;:&quot;fadeInDown&quot;}\" data-widget_type=\"heading.default\">\n\t\t\t\t<div class=\"elementor-widget-container\">\n\t\t\t\t\t<h4 class=\"elementor-heading-title elementor-size-default\">Us\u0142ugi stron trzecich<\/h4>\t\t\t\t<\/div>\n\t\t\t\t<\/div>\n\t\t\t\t<div class=\"elementor-element elementor-element-a7869b5 elementor-invisible elementor-widget elementor-widget-text-editor\" data-id=\"a7869b5\" data-element_type=\"widget\" data-e-type=\"widget\" data-settings=\"{&quot;_animation&quot;:&quot;fadeInDown&quot;}\" data-widget_type=\"text-editor.default\">\n\t\t\t\t<div class=\"elementor-widget-container\">\n\t\t\t\t\t\t\t\t\t<p>Nasza strona korzysta z wtyczek firm trzecich z WordPress. Je\u015bli masz w\u0105tpliwo\u015bci dotycz\u0105ce bezpiecze\u0144stwa, skontaktuj si\u0119 z nami za po\u015brednictwem poczty elektronicznej.<\/p>\t\t\t\t\t\t\t\t<\/div>\n\t\t\t\t<\/div>\n\t\t\t\t\t<\/div>\n\t\t<\/div>\n\t\t\t\t\t<\/div>\n\t\t<\/section>\n\t\t\t\t<section class=\"elementor-section elementor-top-section elementor-element elementor-element-d7b9569 elementor-section-boxed elementor-section-height-default elementor-section-height-default\" data-id=\"d7b9569\" data-element_type=\"section\" data-e-type=\"section\" data-settings=\"{&quot;background_background&quot;:&quot;classic&quot;}\">\n\t\t\t\t\t\t<div class=\"elementor-container elementor-column-gap-wider\">\n\t\t\t\t\t<div class=\"elementor-column elementor-col-50 elementor-top-column elementor-element elementor-element-537e936\" data-id=\"537e936\" data-element_type=\"column\" data-e-type=\"column\">\n\t\t\t<div class=\"elementor-widget-wrap elementor-element-populated\">\n\t\t\t\t\t\t<div class=\"elementor-element elementor-element-5efeffb elementor-invisible elementor-widget elementor-widget-heading\" data-id=\"5efeffb\" data-element_type=\"widget\" data-e-type=\"widget\" data-settings=\"{&quot;_animation&quot;:&quot;fadeInDown&quot;}\" data-widget_type=\"heading.default\">\n\t\t\t\t<div class=\"elementor-widget-container\">\n\t\t\t\t\t<h2 class=\"elementor-heading-title elementor-size-default\">POLITYKA COOKIES<\/h2>\t\t\t\t<\/div>\n\t\t\t\t<\/div>\n\t\t\t\t<div class=\"elementor-element elementor-element-940f4b3 elementor-invisible elementor-widget elementor-widget-text-editor\" data-id=\"940f4b3\" data-element_type=\"widget\" data-e-type=\"widget\" data-settings=\"{&quot;_animation&quot;:&quot;fadeInDown&quot;}\" data-widget_type=\"text-editor.default\">\n\t\t\t\t<div class=\"elementor-widget-container\">\n\t\t\t\t\t\t\t\t\t<p>Plik cookie to niewielki fragment danych przechowywany na urz\u0105dzeniu u\u017cytkownika przez przegl\u0105dark\u0119 internetow\u0105 podczas przegl\u0105dania strony internetowej. Nasza witryna korzysta z plik\u00f3w cookie w celu poprawy komfortu u\u017cytkowania.<\/p>\t\t\t\t\t\t\t\t<\/div>\n\t\t\t\t<\/div>\n\t\t\t\t\t<\/div>\n\t\t<\/div>\n\t\t\t\t<div class=\"elementor-column elementor-col-50 elementor-top-column elementor-element elementor-element-42c1171\" data-id=\"42c1171\" data-element_type=\"column\" data-e-type=\"column\">\n\t\t\t<div class=\"elementor-widget-wrap elementor-element-populated\">\n\t\t\t\t\t\t<div class=\"elementor-element elementor-element-12bf247 elementor-invisible elementor-widget elementor-widget-heading\" data-id=\"12bf247\" data-element_type=\"widget\" data-e-type=\"widget\" data-settings=\"{&quot;_animation&quot;:&quot;fadeInDown&quot;}\" data-widget_type=\"heading.default\">\n\t\t\t\t<div class=\"elementor-widget-container\">\n\t\t\t\t\t<h4 class=\"elementor-heading-title elementor-size-default\">Rodzaje u\u017cywanych plik\u00f3w cookie<\/h4>\t\t\t\t<\/div>\n\t\t\t\t<\/div>\n\t\t\t\t<div class=\"elementor-element elementor-element-0bc028e elementor-invisible elementor-widget elementor-widget-text-editor\" data-id=\"0bc028e\" data-element_type=\"widget\" data-e-type=\"widget\" data-settings=\"{&quot;_animation&quot;:&quot;fadeInDown&quot;}\" data-widget_type=\"text-editor.default\">\n\t\t\t\t<div class=\"elementor-widget-container\">\n\t\t\t\t\t\t\t\t\t<ul>\n<li>Google Analytics: Analityczne pliki cookie do \u015bledzenia i raportowania ruchu w witrynie.<\/li>\n<li>Strona internetowa: Niezb\u0119dne pliki cookie dla funkcjonalno\u015bci witryny.<\/li>\n<\/ul>\t\t\t\t\t\t\t\t<\/div>\n\t\t\t\t<\/div>\n\t\t\t\t<div class=\"elementor-element elementor-element-8286593 elementor-invisible elementor-widget elementor-widget-heading\" data-id=\"8286593\" data-element_type=\"widget\" data-e-type=\"widget\" data-settings=\"{&quot;_animation&quot;:&quot;fadeInDown&quot;}\" data-widget_type=\"heading.default\">\n\t\t\t\t<div class=\"elementor-widget-container\">\n\t\t\t\t\t<h4 class=\"elementor-heading-title elementor-size-default\">Zarz\u0105dzanie plikami cookie<\/h4>\t\t\t\t<\/div>\n\t\t\t\t<\/div>\n\t\t\t\t<div class=\"elementor-element elementor-element-b181247 elementor-invisible elementor-widget elementor-widget-text-editor\" data-id=\"b181247\" data-element_type=\"widget\" data-e-type=\"widget\" data-settings=\"{&quot;_animation&quot;:&quot;fadeInDown&quot;}\" data-widget_type=\"text-editor.default\">\n\t\t\t\t<div class=\"elementor-widget-container\">\n\t\t\t\t\t\t\t\t\t<p>U\u017cytkownicy mog\u0105 kontrolowa\u0107 preferencje dotycz\u0105ce plik\u00f3w cookies za pomoc\u0105 ustawie\u0144 swojej przegl\u0105darki internetowej.<\/p>\t\t\t\t\t\t\t\t<\/div>\n\t\t\t\t<\/div>\n\t\t\t\t<div class=\"elementor-element elementor-element-2f76f23 elementor-invisible elementor-widget elementor-widget-heading\" data-id=\"2f76f23\" data-element_type=\"widget\" data-e-type=\"widget\" data-settings=\"{&quot;_animation&quot;:&quot;fadeInDown&quot;}\" data-widget_type=\"heading.default\">\n\t\t\t\t<div class=\"elementor-widget-container\">\n\t\t\t\t\t<h4 class=\"elementor-heading-title elementor-size-default\">Us\u0142ugi stron trzecich<\/h4>\t\t\t\t<\/div>\n\t\t\t\t<\/div>\n\t\t\t\t<div class=\"elementor-element elementor-element-f0cf4ed elementor-invisible elementor-widget elementor-widget-text-editor\" data-id=\"f0cf4ed\" data-element_type=\"widget\" data-e-type=\"widget\" data-settings=\"{&quot;_animation&quot;:&quot;fadeInDown&quot;}\" data-widget_type=\"text-editor.default\">\n\t\t\t\t<div class=\"elementor-widget-container\">\n\t\t\t\t\t\t\t\t\t<p>Nasza strona korzysta z wtyczek firm trzecich z WordPress. Je\u015bli masz w\u0105tpliwo\u015bci dotycz\u0105ce bezpiecze\u0144stwa, skontaktuj si\u0119 z nami za po\u015brednictwem poczty elektronicznej.<\/p>\t\t\t\t\t\t\t\t<\/div>\n\t\t\t\t<\/div>\n\t\t\t\t\t<\/div>\n\t\t<\/div>\n\t\t\t\t\t<\/div>\n\t\t<\/section>\n\t\t\t\t<section class=\"elementor-section elementor-top-section elementor-element elementor-element-28d9bb7 elementor-section-boxed elementor-section-height-default elementor-section-height-default\" data-id=\"28d9bb7\" data-element_type=\"section\" data-e-type=\"section\" data-settings=\"{&quot;background_background&quot;:&quot;classic&quot;}\">\n\t\t\t\t\t\t<div class=\"elementor-container elementor-column-gap-wider\">\n\t\t\t\t\t<div class=\"elementor-column elementor-col-50 elementor-top-column elementor-element elementor-element-3b04c87\" data-id=\"3b04c87\" data-element_type=\"column\" data-e-type=\"column\">\n\t\t\t<div class=\"elementor-widget-wrap elementor-element-populated\">\n\t\t\t\t\t\t<div class=\"elementor-element elementor-element-a3471b6 elementor-invisible elementor-widget elementor-widget-heading\" data-id=\"a3471b6\" data-element_type=\"widget\" data-e-type=\"widget\" data-settings=\"{&quot;_animation&quot;:&quot;fadeInDown&quot;}\" data-widget_type=\"heading.default\">\n\t\t\t\t<div class=\"elementor-widget-container\">\n\t\t\t\t\t<h2 class=\"elementor-heading-title elementor-size-default\">Wymogi prawne<\/h2>\t\t\t\t<\/div>\n\t\t\t\t<\/div>\n\t\t\t\t\t<\/div>\n\t\t<\/div>\n\t\t\t\t<div class=\"elementor-column elementor-col-50 elementor-top-column elementor-element elementor-element-68d60b1\" data-id=\"68d60b1\" data-element_type=\"column\" data-e-type=\"column\">\n\t\t\t<div class=\"elementor-widget-wrap elementor-element-populated\">\n\t\t\t\t\t\t<div class=\"elementor-element elementor-element-f772a5b elementor-invisible elementor-widget elementor-widget-text-editor\" data-id=\"f772a5b\" data-element_type=\"widget\" data-e-type=\"widget\" data-settings=\"{&quot;_animation&quot;:&quot;fadeInDown&quot;}\" data-widget_type=\"text-editor.default\">\n\t\t\t\t<div class=\"elementor-widget-container\">\n\t\t\t\t\t\t\t\t\t<p>Poniewa\u017c \u015bci\u015ble zbieramy tylko okre\u015blone dane, dyskusje na temat warunk\u00f3w RODO\/RODO mo\u017cna prowadzi\u0107 z Piotrem i Filipem osobi\u015bcie lub kana\u0142ami internetowymi. Wszelkie sugestie dotycz\u0105ce ulepsze\u0144 lub dodatkowych \u015brodk\u00f3w zapewniaj\u0105cych zgodno\u015b\u0107 s\u0105 mile widziane i mo\u017cna je przekaza\u0107 zespo\u0142owi United Transfer Agency.<\/p>\t\t\t\t\t\t\t\t<\/div>\n\t\t\t\t<\/div>\n\t\t\t\t<div class=\"elementor-element elementor-element-e28d420 elementor-invisible elementor-widget elementor-widget-text-editor\" data-id=\"e28d420\" data-element_type=\"widget\" data-e-type=\"widget\" data-settings=\"{&quot;_animation&quot;:&quot;fadeInDown&quot;}\" data-widget_type=\"text-editor.default\">\n\t\t\t\t<div class=\"elementor-widget-container\">\n\t\t\t\t\t\t\t\t\t<p>Niniejsza szczeg\u00f3\u0142owa Polityka prywatno\u015bci i plik\u00f3w cookie ma na celu zapewnienie przejrzysto\u015bci i zapewnienie bezpiecznego korzystania z naszej witryny internetowej. Prosimy o zapoznanie si\u0119 z tre\u015bci\u0105 i kontakt z nami w przypadku jakichkolwiek pyta\u0144.<\/p>\t\t\t\t\t\t\t\t<\/div>\n\t\t\t\t<\/div>\n\t\t\t\t\t<\/div>\n\t\t<\/div>\n\t\t\t\t\t<\/div>\n\t\t<\/section>\n\t\t\t\t<\/div>","protected":false},"excerpt":{"rendered":"<p>Polityka Prywatno\u015bci i Polityka Cookies Polityka prywatno\u015bci Niniejsza Polityka prywatno\u015bci opisuje, w jaki spos\u00f3b United Transfer Agency (\u201eUTA\u201d, \u201emy\u201d lub \u201enasz\u201d) gromadzi, wykorzystuje i chroni dane osobowe uzyskane od u\u017cytkownik\u00f3w witryny unitedtransferagency.pl. Wchodz\u0105c na nasz\u0105 stron\u0119 internetow\u0105 lub korzystaj\u0105c z niej, wyra\u017casz zgod\u0119 na warunki okre\u015blone w niniejszej Polityce prywatno\u015bci. Rodzaj gromadzonych informacji Gromadzimy nast\u0119puj\u0105ce [&hellip;]<\/p>\n","protected":false},"author":1,"featured_media":0,"parent":0,"menu_order":0,"comment_status":"closed","ping_status":"open","template":"","meta":{"_acf_changed":false,"footnotes":""},"class_list":["post-1842","page","type-page","status-publish","hentry"],"acf":[],"_links":{"self":[{"href":"https:\/\/unitedtransferagency.pl\/en\/wp-json\/wp\/v2\/pages\/1842","targetHints":{"allow":["GET"]}}],"collection":[{"href":"https:\/\/unitedtransferagency.pl\/en\/wp-json\/wp\/v2\/pages"}],"about":[{"href":"https:\/\/unitedtransferagency.pl\/en\/wp-json\/wp\/v2\/types\/page"}],"author":[{"embeddable":true,"href":"https:\/\/unitedtransferagency.pl\/en\/wp-json\/wp\/v2\/users\/1"}],"replies":[{"embeddable":true,"href":"https:\/\/unitedtransferagency.pl\/en\/wp-json\/wp\/v2\/comments?post=1842"}],"version-history":[{"count":5,"href":"https:\/\/unitedtransferagency.pl\/en\/wp-json\/wp\/v2\/pages\/1842\/revisions"}],"predecessor-version":[{"id":2171,"href":"https:\/\/unitedtransferagency.pl\/en\/wp-json\/wp\/v2\/pages\/1842\/revisions\/2171"}],"wp:attachment":[{"href":"https:\/\/unitedtransferagency.pl\/en\/wp-json\/wp\/v2\/media?parent=1842"}],"curies":[{"name":"wp","href":"https:\/\/api.w.org\/{rel}","templated":true}]}}